{"id":178,"date":"2023-05-29T13:38:17","date_gmt":"2023-05-29T13:38:17","guid":{"rendered":"http:\/\/lineup7.docker.test\/?page_id=178"},"modified":"2025-12-19T18:22:05","modified_gmt":"2025-12-19T18:22:05","slug":"mentions-legales","status":"publish","type":"page","link":"https:\/\/www.lineup7.fr\/blog-cdp\/mentions-legales\/","title":{"rendered":"Mentions l\u00e9gales"},"content":{"rendered":"\n<p><br><br><strong>Date de derni\u00e8re mise \u00e0 jour<\/strong> : 19\/12\/2025<\/p>\n\n\n\n<hr class=\"wp-block-separator has-alpha-channel-opacity\"\/>\n\n\n\n<p><br><br><br><strong>Le pr\u00e9sent site <a href=\"https:\/\/www.lineup7.fr\">https:\/\/www.lineup7.fr<\/a> <\/strong>(ci-apr\u00e8s d\u00e9sign\u00e9 \u00ab le Site \u00bb) <strong>est \u00e9dit\u00e9 par&nbsp;:<\/strong><\/p>\n\n\n\n<h2 class=\"wp-block-heading\"><strong>La soci\u00e9t\u00e9 LINEUP7<\/strong><\/h2>\n\n\n\n<p>Soci\u00e9t\u00e9 par action simplifi\u00e9e, au capital de 17 298,00 Euros, immatricul\u00e9e au RCS de Paris sous le num\u00e9ro 810 386 110 et ayant son si\u00e8ge social au 111 Boulevard Brune, 75014 Paris.<\/p>\n\n\n\n<p>TVA intracommunautaire&nbsp;: FR06810386110 <br>Email&nbsp;: <a href=\"mailto:olivier.guyomard@lineup7.fr\">olivier.guyomard@lineup7.fr<\/a> <\/p>\n\n\n\n<p>Directeur de la publication&nbsp;: Olivier GUYOMARD<\/p>\n\n\n\n<h2 class=\"wp-block-heading\"><strong>Le Site est h\u00e9berg\u00e9 par<\/strong>&nbsp;:<\/h2>\n\n\n\n<p>OVH, soci\u00e9t\u00e9 par actions simplifi\u00e9e, au capital de 50 000 000,00 Euros, immatricul\u00e9e au TCS de Lille M\u00e9tropole sous le num\u00e9ro 424 761 419 et ayant son si\u00e8ge social 2 RUE KELLERMANN, 59100 ROUBAIX.<\/p>\n\n\n\n<p>Contact&nbsp;: <a href=\"https:\/\/www.ovhcloud.com\/fr\/contact\/\">https:\/\/www.ovhcloud.com\/fr\/contact\/<\/a><\/p>\n\n\n\n<h2 class=\"wp-block-heading\"><strong>Propri\u00e9t\u00e9 intellectuelle<\/strong><\/h2>\n\n\n\n<p>Conception et r\u00e9alisation : ISOSKELE SAS<\/p>\n\n\n\n<h2 class=\"wp-block-heading\"><strong>Les donn\u00e9es du Site, personnelles ou non, sont trait\u00e9es par&nbsp;<\/strong>: <\/h2>\n\n\n\n<p>LINEUP7, soci\u00e9t\u00e9 par action simplifi\u00e9e, au capital de 17 298,00 Euros, immatricul\u00e9e au RCS de Paris sous le num\u00e9ro 810 386 110 et ayant son si\u00e8ge social au 111 Boulevard Brune, 75014 Paris<\/p>\n\n\n\n<p>TVA intracommunautaire&nbsp;: FR06810386110<\/p>\n\n\n\n<p><\/p>\n","protected":false},"excerpt":{"rendered":"<p>Date de derni\u00e8re mise \u00e0 jour : 19\/12\/2025 Le pr\u00e9sent site https:\/\/www.lineup7.fr (ci-apr\u00e8s d\u00e9sign\u00e9 \u00ab le Site \u00bb) est \u00e9dit\u00e9 par&nbsp;: La soci\u00e9t\u00e9 LINEUP7 Soci\u00e9t\u00e9 par action simplifi\u00e9e, au capital de 17 298,00 Euros, immatricul\u00e9e au RCS de Paris sous le num\u00e9ro 810 386 110 et ayant son si\u00e8ge social au 111 Boulevard Brune, 75014 [&hellip;]<\/p>\n","protected":false},"author":1,"featured_media":0,"parent":0,"menu_order":0,"comment_status":"closed","ping_status":"closed","template":"privacy-policy.php","meta":{"footnotes":""},"class_list":["post-178","page","type-page","status-publish","hentry"],"yoast_head":"<!-- This site is optimized with the Yoast SEO plugin v20.8 - https:\/\/yoast.com\/wordpress\/plugins\/seo\/ -->\n<title>Mentions l\u00e9gales - Data Platform by LineUP7<\/title>\n<meta name=\"robots\" content=\"index, follow, max-snippet:-1, max-image-preview:large, max-video-preview:-1\" \/>\n<link rel=\"canonical\" href=\"https:\/\/www.lineup7.fr\/blog-cdp\/mentions-legales\/\" \/>\n<meta property=\"og:locale\" content=\"en_US\" \/>\n<meta property=\"og:type\" content=\"article\" \/>\n<meta property=\"og:title\" content=\"Mentions l\u00e9gales - Data Platform by LineUP7\" \/>\n<meta property=\"og:description\" content=\"Date de derni\u00e8re mise \u00e0 jour : 19\/12\/2025 Le pr\u00e9sent site https:\/\/www.lineup7.fr (ci-apr\u00e8s d\u00e9sign\u00e9 \u00ab le Site \u00bb) est \u00e9dit\u00e9 par&nbsp;: La soci\u00e9t\u00e9 LINEUP7 Soci\u00e9t\u00e9 par action simplifi\u00e9e, au capital de 17 298,00 Euros, immatricul\u00e9e au RCS de Paris sous le num\u00e9ro 810 386 110 et ayant son si\u00e8ge social au 111 Boulevard Brune, 75014 [&hellip;]\" \/>\n<meta property=\"og:url\" content=\"https:\/\/www.lineup7.fr\/blog-cdp\/mentions-legales\/\" \/>\n<meta property=\"og:site_name\" content=\"Data Platform by LineUP7\" \/>\n<meta property=\"article:modified_time\" content=\"2025-12-19T18:22:05+00:00\" \/>\n<meta name=\"twitter:card\" content=\"summary_large_image\" \/>\n<meta name=\"twitter:label1\" content=\"Est. reading time\" \/>\n\t<meta name=\"twitter:data1\" content=\"1 minute\" \/>\n<script type=\"application\/ld+json\" class=\"yoast-schema-graph\">{\"@context\":\"https:\/\/schema.org\",\"@graph\":[{\"@type\":\"WebPage\",\"@id\":\"https:\/\/www.lineup7.fr\/blog-cdp\/mentions-legales\/\",\"url\":\"https:\/\/www.lineup7.fr\/blog-cdp\/mentions-legales\/\",\"name\":\"Mentions l\u00e9gales - Data Platform by LineUP7\",\"isPartOf\":{\"@id\":\"https:\/\/www.lineup7.fr\/blog-cdp\/#website\"},\"datePublished\":\"2023-05-29T13:38:17+00:00\",\"dateModified\":\"2025-12-19T18:22:05+00:00\",\"breadcrumb\":{\"@id\":\"https:\/\/www.lineup7.fr\/blog-cdp\/mentions-legales\/#breadcrumb\"},\"inLanguage\":\"en-US\",\"potentialAction\":[{\"@type\":\"ReadAction\",\"target\":[\"https:\/\/www.lineup7.fr\/blog-cdp\/mentions-legales\/\"]}]},{\"@type\":\"BreadcrumbList\",\"@id\":\"https:\/\/www.lineup7.fr\/blog-cdp\/mentions-legales\/#breadcrumb\",\"itemListElement\":[{\"@type\":\"ListItem\",\"position\":1,\"name\":\"Accueil\",\"item\":\"https:\/\/www.lineup7.fr\/blog-cdp\/\"},{\"@type\":\"ListItem\",\"position\":2,\"name\":\"Mentions l\u00e9gales\"}]},{\"@type\":\"WebSite\",\"@id\":\"https:\/\/www.lineup7.fr\/blog-cdp\/#website\",\"url\":\"https:\/\/www.lineup7.fr\/blog-cdp\/\",\"name\":\"Data Platform by LineUP7\",\"description\":\"\",\"publisher\":{\"@id\":\"https:\/\/www.lineup7.fr\/blog-cdp\/#organization\"},\"potentialAction\":[{\"@type\":\"SearchAction\",\"target\":{\"@type\":\"EntryPoint\",\"urlTemplate\":\"https:\/\/www.lineup7.fr\/blog-cdp\/?s={search_term_string}\"},\"query-input\":\"required name=search_term_string\"}],\"inLanguage\":\"en-US\"},{\"@type\":\"Organization\",\"@id\":\"https:\/\/www.lineup7.fr\/blog-cdp\/#organization\",\"name\":\"Data Platform by LineUP7\",\"url\":\"https:\/\/www.lineup7.fr\/blog-cdp\/\",\"logo\":{\"@type\":\"ImageObject\",\"inLanguage\":\"en-US\",\"@id\":\"https:\/\/www.lineup7.fr\/blog-cdp\/#\/schema\/logo\/image\/\",\"url\":\"https:\/\/www.lineup7.fr\/blog-cdp\/wp-content\/uploads\/2023\/05\/cropped-Logo-1.png\",\"contentUrl\":\"https:\/\/www.lineup7.fr\/blog-cdp\/wp-content\/uploads\/2023\/05\/cropped-Logo-1.png\",\"width\":303,\"height\":50,\"caption\":\"Data Platform by LineUP7\"},\"image\":{\"@id\":\"https:\/\/www.lineup7.fr\/blog-cdp\/#\/schema\/logo\/image\/\"}}]}<\/script>\n<!-- \/ Yoast SEO plugin. -->","yoast_head_json":{"title":"Mentions l\u00e9gales - Data Platform by LineUP7","robots":{"index":"index","follow":"follow","max-snippet":"max-snippet:-1","max-image-preview":"max-image-preview:large","max-video-preview":"max-video-preview:-1"},"canonical":"https:\/\/www.lineup7.fr\/blog-cdp\/mentions-legales\/","og_locale":"en_US","og_type":"article","og_title":"Mentions l\u00e9gales - Data Platform by LineUP7","og_description":"Date de derni\u00e8re mise \u00e0 jour : 19\/12\/2025 Le pr\u00e9sent site https:\/\/www.lineup7.fr (ci-apr\u00e8s d\u00e9sign\u00e9 \u00ab le Site \u00bb) est \u00e9dit\u00e9 par&nbsp;: La soci\u00e9t\u00e9 LINEUP7 Soci\u00e9t\u00e9 par action simplifi\u00e9e, au capital de 17 298,00 Euros, immatricul\u00e9e au RCS de Paris sous le num\u00e9ro 810 386 110 et ayant son si\u00e8ge social au 111 Boulevard Brune, 75014 [&hellip;]","og_url":"https:\/\/www.lineup7.fr\/blog-cdp\/mentions-legales\/","og_site_name":"Data Platform by LineUP7","article_modified_time":"2025-12-19T18:22:05+00:00","twitter_card":"summary_large_image","twitter_misc":{"Est. reading time":"1 minute"},"schema":{"@context":"https:\/\/schema.org","@graph":[{"@type":"WebPage","@id":"https:\/\/www.lineup7.fr\/blog-cdp\/mentions-legales\/","url":"https:\/\/www.lineup7.fr\/blog-cdp\/mentions-legales\/","name":"Mentions l\u00e9gales - Data Platform by LineUP7","isPartOf":{"@id":"https:\/\/www.lineup7.fr\/blog-cdp\/#website"},"datePublished":"2023-05-29T13:38:17+00:00","dateModified":"2025-12-19T18:22:05+00:00","breadcrumb":{"@id":"https:\/\/www.lineup7.fr\/blog-cdp\/mentions-legales\/#breadcrumb"},"inLanguage":"en-US","potentialAction":[{"@type":"ReadAction","target":["https:\/\/www.lineup7.fr\/blog-cdp\/mentions-legales\/"]}]},{"@type":"BreadcrumbList","@id":"https:\/\/www.lineup7.fr\/blog-cdp\/mentions-legales\/#breadcrumb","itemListElement":[{"@type":"ListItem","position":1,"name":"Accueil","item":"https:\/\/www.lineup7.fr\/blog-cdp\/"},{"@type":"ListItem","position":2,"name":"Mentions l\u00e9gales"}]},{"@type":"WebSite","@id":"https:\/\/www.lineup7.fr\/blog-cdp\/#website","url":"https:\/\/www.lineup7.fr\/blog-cdp\/","name":"Data Platform by LineUP7","description":"","publisher":{"@id":"https:\/\/www.lineup7.fr\/blog-cdp\/#organization"},"potentialAction":[{"@type":"SearchAction","target":{"@type":"EntryPoint","urlTemplate":"https:\/\/www.lineup7.fr\/blog-cdp\/?s={search_term_string}"},"query-input":"required name=search_term_string"}],"inLanguage":"en-US"},{"@type":"Organization","@id":"https:\/\/www.lineup7.fr\/blog-cdp\/#organization","name":"Data Platform by LineUP7","url":"https:\/\/www.lineup7.fr\/blog-cdp\/","logo":{"@type":"ImageObject","inLanguage":"en-US","@id":"https:\/\/www.lineup7.fr\/blog-cdp\/#\/schema\/logo\/image\/","url":"https:\/\/www.lineup7.fr\/blog-cdp\/wp-content\/uploads\/2023\/05\/cropped-Logo-1.png","contentUrl":"https:\/\/www.lineup7.fr\/blog-cdp\/wp-content\/uploads\/2023\/05\/cropped-Logo-1.png","width":303,"height":50,"caption":"Data Platform by LineUP7"},"image":{"@id":"https:\/\/www.lineup7.fr\/blog-cdp\/#\/schema\/logo\/image\/"}}]}},"_links":{"self":[{"href":"https:\/\/www.lineup7.fr\/blog-cdp\/wp-json\/wp\/v2\/pages\/178","targetHints":{"allow":["GET"]}}],"collection":[{"href":"https:\/\/www.lineup7.fr\/blog-cdp\/wp-json\/wp\/v2\/pages"}],"about":[{"href":"https:\/\/www.lineup7.fr\/blog-cdp\/wp-json\/wp\/v2\/types\/page"}],"author":[{"embeddable":true,"href":"https:\/\/www.lineup7.fr\/blog-cdp\/wp-json\/wp\/v2\/users\/1"}],"replies":[{"embeddable":true,"href":"https:\/\/www.lineup7.fr\/blog-cdp\/wp-json\/wp\/v2\/comments?post=178"}],"version-history":[{"count":18,"href":"https:\/\/www.lineup7.fr\/blog-cdp\/wp-json\/wp\/v2\/pages\/178\/revisions"}],"predecessor-version":[{"id":607,"href":"https:\/\/www.lineup7.fr\/blog-cdp\/wp-json\/wp\/v2\/pages\/178\/revisions\/607"}],"wp:attachment":[{"href":"https:\/\/www.lineup7.fr\/blog-cdp\/wp-json\/wp\/v2\/media?parent=178"}],"curies":[{"name":"wp","href":"https:\/\/api.w.org\/{rel}","templated":true}]}}