{"id":3,"date":"2023-05-11T07:49:19","date_gmt":"2023-05-11T07:49:19","guid":{"rendered":"http:\/\/lineup7.docker.test\/?page_id=3"},"modified":"2026-01-29T12:44:21","modified_gmt":"2026-01-29T12:44:21","slug":"privacy-policy","status":"publish","type":"page","link":"https:\/\/www.lineup7.fr\/blog-cdp\/privacy-policy\/","title":{"rendered":"Politique de confidentialit\u00e9"},"content":{"rendered":"\n<h2 class=\"wp-block-heading\">1. Gestion des donn\u00e9es personnelles<\/h2>\n\n\n\n<p>La pr\u00e9sente politique \u00e9nonce les principes et lignes directrices pour la protection des Donn\u00e9es Personnelles vous concernant et a pour objectif de vous informer sur&nbsp;:<\/p>\n\n\n\n<ul class=\"wp-block-list\">\n<li>Les Donn\u00e9es Personnelles que LINEUP7 et LINEUP7 FACTORY traitent et les raisons des Traitements mis en \u0153uvre dans le cadre de leurs activit\u00e9s ;<\/li>\n\n\n\n<li>La fa\u00e7on dont sont utilis\u00e9es ces Donn\u00e9es Personnelles ;<\/li>\n\n\n\n<li>Vos droits sur les Donn\u00e9es Personnelles vous concernant.<\/li>\n<\/ul>\n\n\n\n<p>Vous pouvez ainsi retrouver la politique de confidentialit\u00e9 de nos diff\u00e9rentes entit\u00e9s en qualit\u00e9 de responsable de traitement, en cliquant sur les boutons ci-dessous :<\/p>\n\n\n\n<div class=\"wp-block-columns is-layout-flex wp-container-core-columns-is-layout-9d6595d7 wp-block-columns-is-layout-flex\">\n<div class=\"wp-block-column is-layout-flow wp-block-column-is-layout-flow\">\n<div class=\"wp-block-buttons btn-privacy-policy is-content-justification-center is-layout-flex wp-container-core-buttons-is-layout-16018d1d wp-block-buttons-is-layout-flex\">\n<div class=\"wp-block-button\"><a class=\"wp-block-button__link wp-element-button\" href=\"https:\/\/www.lineup7.fr\/blog-cdp\/wp-content\/uploads\/2026\/01\/Politique_de_confidentialite_lineup7_20260129.pdf\" target=\"_blank\" rel=\"noreferrer noopener\">LINEUP7<\/a><\/div>\n<\/div>\n<\/div>\n\n\n\n<div class=\"wp-block-column is-layout-flow wp-block-column-is-layout-flow\">\n<div class=\"wp-block-buttons btn-privacy-policy is-content-justification-center is-layout-flex wp-container-core-buttons-is-layout-16018d1d wp-block-buttons-is-layout-flex\">\n<div class=\"wp-block-button\"><a class=\"wp-block-button__link wp-element-button\" href=\"https:\/\/www.lineup7.fr\/blog-cdp\/wp-content\/uploads\/2026\/01\/Politique_de_confidentialite_lineup7_Factory_20260129.pdf\">LINEUP7 FACTORY<\/a><\/div>\n<\/div>\n<\/div>\n<\/div>\n\n\n\n<style>\n.btn-privacy-policy .wp-block-button a{\ncolor: #fff !important;\ntext-decoration: none !important;\n}\n.btn-privacy-policy{\npadding : 20px;\n}\n<\/style>\n","protected":false},"excerpt":{"rendered":"<p>1. Gestion des donn\u00e9es personnelles La pr\u00e9sente politique \u00e9nonce les principes et lignes directrices pour la protection des Donn\u00e9es Personnelles vous concernant et a pour objectif de vous informer sur&nbsp;: Vous pouvez ainsi retrouver la politique de confidentialit\u00e9 de nos diff\u00e9rentes entit\u00e9s en qualit\u00e9 de responsable de traitement, en cliquant sur les boutons ci-dessous :<\/p>\n","protected":false},"author":1,"featured_media":0,"parent":0,"menu_order":0,"comment_status":"closed","ping_status":"closed","template":"privacy-policy.php","meta":{"footnotes":""},"class_list":["post-3","page","type-page","status-publish","hentry"],"yoast_head":"<!-- This site is optimized with the Yoast SEO plugin v20.8 - https:\/\/yoast.com\/wordpress\/plugins\/seo\/ -->\n<title>Politique de confidentialit\u00e9 - Data Platform by LineUP7<\/title>\n<meta name=\"robots\" content=\"index, follow, max-snippet:-1, max-image-preview:large, max-video-preview:-1\" \/>\n<link rel=\"canonical\" href=\"https:\/\/www.lineup7.fr\/blog-cdp\/privacy-policy\/\" \/>\n<meta property=\"og:locale\" content=\"en_US\" \/>\n<meta property=\"og:type\" content=\"article\" \/>\n<meta property=\"og:title\" content=\"Politique de confidentialit\u00e9 - Data Platform by LineUP7\" \/>\n<meta property=\"og:description\" content=\"1. Gestion des donn\u00e9es personnelles La pr\u00e9sente politique \u00e9nonce les principes et lignes directrices pour la protection des Donn\u00e9es Personnelles vous concernant et a pour objectif de vous informer sur&nbsp;: Vous pouvez ainsi retrouver la politique de confidentialit\u00e9 de nos diff\u00e9rentes entit\u00e9s en qualit\u00e9 de responsable de traitement, en cliquant sur les boutons ci-dessous :\" \/>\n<meta property=\"og:url\" content=\"https:\/\/www.lineup7.fr\/blog-cdp\/privacy-policy\/\" \/>\n<meta property=\"og:site_name\" content=\"Data Platform by LineUP7\" \/>\n<meta property=\"article:modified_time\" content=\"2026-01-29T12:44:21+00:00\" \/>\n<meta name=\"twitter:card\" content=\"summary_large_image\" \/>\n<meta name=\"twitter:label1\" content=\"Est. reading time\" \/>\n\t<meta name=\"twitter:data1\" content=\"1 minute\" \/>\n<script type=\"application\/ld+json\" class=\"yoast-schema-graph\">{\"@context\":\"https:\/\/schema.org\",\"@graph\":[{\"@type\":\"WebPage\",\"@id\":\"https:\/\/www.lineup7.fr\/blog-cdp\/privacy-policy\/\",\"url\":\"https:\/\/www.lineup7.fr\/blog-cdp\/privacy-policy\/\",\"name\":\"Politique de confidentialit\u00e9 - Data Platform by LineUP7\",\"isPartOf\":{\"@id\":\"https:\/\/www.lineup7.fr\/blog-cdp\/#website\"},\"datePublished\":\"2023-05-11T07:49:19+00:00\",\"dateModified\":\"2026-01-29T12:44:21+00:00\",\"breadcrumb\":{\"@id\":\"https:\/\/www.lineup7.fr\/blog-cdp\/privacy-policy\/#breadcrumb\"},\"inLanguage\":\"en-US\",\"potentialAction\":[{\"@type\":\"ReadAction\",\"target\":[\"https:\/\/www.lineup7.fr\/blog-cdp\/privacy-policy\/\"]}]},{\"@type\":\"BreadcrumbList\",\"@id\":\"https:\/\/www.lineup7.fr\/blog-cdp\/privacy-policy\/#breadcrumb\",\"itemListElement\":[{\"@type\":\"ListItem\",\"position\":1,\"name\":\"Accueil\",\"item\":\"https:\/\/www.lineup7.fr\/blog-cdp\/\"},{\"@type\":\"ListItem\",\"position\":2,\"name\":\"Politique de confidentialit\u00e9\"}]},{\"@type\":\"WebSite\",\"@id\":\"https:\/\/www.lineup7.fr\/blog-cdp\/#website\",\"url\":\"https:\/\/www.lineup7.fr\/blog-cdp\/\",\"name\":\"Data Platform by LineUP7\",\"description\":\"\",\"publisher\":{\"@id\":\"https:\/\/www.lineup7.fr\/blog-cdp\/#organization\"},\"potentialAction\":[{\"@type\":\"SearchAction\",\"target\":{\"@type\":\"EntryPoint\",\"urlTemplate\":\"https:\/\/www.lineup7.fr\/blog-cdp\/?s={search_term_string}\"},\"query-input\":\"required name=search_term_string\"}],\"inLanguage\":\"en-US\"},{\"@type\":\"Organization\",\"@id\":\"https:\/\/www.lineup7.fr\/blog-cdp\/#organization\",\"name\":\"Data Platform by LineUP7\",\"url\":\"https:\/\/www.lineup7.fr\/blog-cdp\/\",\"logo\":{\"@type\":\"ImageObject\",\"inLanguage\":\"en-US\",\"@id\":\"https:\/\/www.lineup7.fr\/blog-cdp\/#\/schema\/logo\/image\/\",\"url\":\"https:\/\/www.lineup7.fr\/blog-cdp\/wp-content\/uploads\/2023\/05\/cropped-Logo-1.png\",\"contentUrl\":\"https:\/\/www.lineup7.fr\/blog-cdp\/wp-content\/uploads\/2023\/05\/cropped-Logo-1.png\",\"width\":303,\"height\":50,\"caption\":\"Data Platform by LineUP7\"},\"image\":{\"@id\":\"https:\/\/www.lineup7.fr\/blog-cdp\/#\/schema\/logo\/image\/\"}}]}<\/script>\n<!-- \/ Yoast SEO plugin. -->","yoast_head_json":{"title":"Politique de confidentialit\u00e9 - Data Platform by LineUP7","robots":{"index":"index","follow":"follow","max-snippet":"max-snippet:-1","max-image-preview":"max-image-preview:large","max-video-preview":"max-video-preview:-1"},"canonical":"https:\/\/www.lineup7.fr\/blog-cdp\/privacy-policy\/","og_locale":"en_US","og_type":"article","og_title":"Politique de confidentialit\u00e9 - Data Platform by LineUP7","og_description":"1. Gestion des donn\u00e9es personnelles La pr\u00e9sente politique \u00e9nonce les principes et lignes directrices pour la protection des Donn\u00e9es Personnelles vous concernant et a pour objectif de vous informer sur&nbsp;: Vous pouvez ainsi retrouver la politique de confidentialit\u00e9 de nos diff\u00e9rentes entit\u00e9s en qualit\u00e9 de responsable de traitement, en cliquant sur les boutons ci-dessous :","og_url":"https:\/\/www.lineup7.fr\/blog-cdp\/privacy-policy\/","og_site_name":"Data Platform by LineUP7","article_modified_time":"2026-01-29T12:44:21+00:00","twitter_card":"summary_large_image","twitter_misc":{"Est. reading time":"1 minute"},"schema":{"@context":"https:\/\/schema.org","@graph":[{"@type":"WebPage","@id":"https:\/\/www.lineup7.fr\/blog-cdp\/privacy-policy\/","url":"https:\/\/www.lineup7.fr\/blog-cdp\/privacy-policy\/","name":"Politique de confidentialit\u00e9 - Data Platform by LineUP7","isPartOf":{"@id":"https:\/\/www.lineup7.fr\/blog-cdp\/#website"},"datePublished":"2023-05-11T07:49:19+00:00","dateModified":"2026-01-29T12:44:21+00:00","breadcrumb":{"@id":"https:\/\/www.lineup7.fr\/blog-cdp\/privacy-policy\/#breadcrumb"},"inLanguage":"en-US","potentialAction":[{"@type":"ReadAction","target":["https:\/\/www.lineup7.fr\/blog-cdp\/privacy-policy\/"]}]},{"@type":"BreadcrumbList","@id":"https:\/\/www.lineup7.fr\/blog-cdp\/privacy-policy\/#breadcrumb","itemListElement":[{"@type":"ListItem","position":1,"name":"Accueil","item":"https:\/\/www.lineup7.fr\/blog-cdp\/"},{"@type":"ListItem","position":2,"name":"Politique de confidentialit\u00e9"}]},{"@type":"WebSite","@id":"https:\/\/www.lineup7.fr\/blog-cdp\/#website","url":"https:\/\/www.lineup7.fr\/blog-cdp\/","name":"Data Platform by LineUP7","description":"","publisher":{"@id":"https:\/\/www.lineup7.fr\/blog-cdp\/#organization"},"potentialAction":[{"@type":"SearchAction","target":{"@type":"EntryPoint","urlTemplate":"https:\/\/www.lineup7.fr\/blog-cdp\/?s={search_term_string}"},"query-input":"required name=search_term_string"}],"inLanguage":"en-US"},{"@type":"Organization","@id":"https:\/\/www.lineup7.fr\/blog-cdp\/#organization","name":"Data Platform by LineUP7","url":"https:\/\/www.lineup7.fr\/blog-cdp\/","logo":{"@type":"ImageObject","inLanguage":"en-US","@id":"https:\/\/www.lineup7.fr\/blog-cdp\/#\/schema\/logo\/image\/","url":"https:\/\/www.lineup7.fr\/blog-cdp\/wp-content\/uploads\/2023\/05\/cropped-Logo-1.png","contentUrl":"https:\/\/www.lineup7.fr\/blog-cdp\/wp-content\/uploads\/2023\/05\/cropped-Logo-1.png","width":303,"height":50,"caption":"Data Platform by LineUP7"},"image":{"@id":"https:\/\/www.lineup7.fr\/blog-cdp\/#\/schema\/logo\/image\/"}}]}},"_links":{"self":[{"href":"https:\/\/www.lineup7.fr\/blog-cdp\/wp-json\/wp\/v2\/pages\/3","targetHints":{"allow":["GET"]}}],"collection":[{"href":"https:\/\/www.lineup7.fr\/blog-cdp\/wp-json\/wp\/v2\/pages"}],"about":[{"href":"https:\/\/www.lineup7.fr\/blog-cdp\/wp-json\/wp\/v2\/types\/page"}],"author":[{"embeddable":true,"href":"https:\/\/www.lineup7.fr\/blog-cdp\/wp-json\/wp\/v2\/users\/1"}],"replies":[{"embeddable":true,"href":"https:\/\/www.lineup7.fr\/blog-cdp\/wp-json\/wp\/v2\/comments?post=3"}],"version-history":[{"count":21,"href":"https:\/\/www.lineup7.fr\/blog-cdp\/wp-json\/wp\/v2\/pages\/3\/revisions"}],"predecessor-version":[{"id":612,"href":"https:\/\/www.lineup7.fr\/blog-cdp\/wp-json\/wp\/v2\/pages\/3\/revisions\/612"}],"wp:attachment":[{"href":"https:\/\/www.lineup7.fr\/blog-cdp\/wp-json\/wp\/v2\/media?parent=3"}],"curies":[{"name":"wp","href":"https:\/\/api.w.org\/{rel}","templated":true}]}}