{"id":594,"date":"2025-07-24T12:48:45","date_gmt":"2025-07-24T12:48:45","guid":{"rendered":"https:\/\/www.lineup7.fr\/blog-cdp\/?page_id=594"},"modified":"2026-03-18T16:43:52","modified_gmt":"2026-03-18T16:43:52","slug":"politique-cookies","status":"publish","type":"page","link":"https:\/\/www.lineup7.fr\/blog-cdp\/politique-cookies\/","title":{"rendered":"Politique cookies"},"content":{"rendered":"\n<p>Date de publication : 24\/07\/2025<\/p>\n\n\n\n<h2 class=\"wp-block-heading\">I. QUEL EST LE CHAMP D\u2019APPLICATION ?<\/h2>\n\n\n\n<p>La pr\u00e9sente politique s\u2019applique aux cookies et autres traceurs d\u00e9pos\u00e9s et\/ou lus lors de la consultation du site www.lineup7.fr (ci-apr\u00e8s d\u00e9nomm\u00e9 le \u00ab Site \u00bb). Ce p\u00e9rim\u00e8tre int\u00e8gre l\u2019ensemble des services rattach\u00e9s au nom de domaine www.lineup7.fr.<\/p>\n\n\n\n<h2 class=\"wp-block-heading\">II. Qu\u2019est-ce qu\u2019un cookie ou un traceur ?<\/h2>\n\n\n\n<p>Le terme de cookies est \u00e0 prendre au sens large et couvre l\u2019ensemble des traceurs d\u00e9pos\u00e9s et\/ou lus, par exemple, lors de la consultation d\u2019un site internet ou d\u2019une application mobile ou lors de l\u2019activation ou pr\u00e9alablement \u00e0 l\u2019activation d\u2019un chabot.<\/p>\n\n\n\n<p>Par commodit\u00e9, nous utilisons le terme de \u00ab cookie \u00bb qui recouvre l\u2019ensemble des technologies ayant pour effet de lire ou \u00e9crire des donn\u00e9es dans le terminal de l\u2019utilisateur.<\/p>\n\n\n\n<p>Un cookie ou un traceur est d\u00e9pos\u00e9 par votre navigateur internet (ex : internet Explorer, Firefox, Safari ou encore Google Chrome\u2026) sur un espace d\u00e9di\u00e9 du disque dur de votre terminal, par le serveur du site ou d\u2019une application mobile que vous visitez ou consultez.<\/p>\n\n\n\n<p><\/p>\n\n\n\n<h2 class=\"wp-block-heading\">III. Qui d\u00e9pose et utilise les cookies sur le site ?<\/h2>\n\n\n\n<p>Les cookies sont d\u00e9pos\u00e9s et exploit\u00e9s par LineUp7 ou ses prestataires techniques sur le Site pour ses propres besoins, LineUp7 en est donc responsable de traitement.<\/p>\n\n\n\n<h2 class=\"wp-block-heading\">IV. Quelles sont les cat\u00e9gories de cookie utilis\u00e9es sur le site et pourquoi LineUp7 utilise-t-elle ces cookies ?<\/h2>\n\n\n\n<p>LineUp7 utilise des cookies pour&nbsp;:<\/p>\n\n\n\n<ul class=\"wp-block-list\">\n<li>Garantir la s\u00e9curit\u00e9 et les performances du site,<\/li>\n\n\n\n<li>Adapter la pr\u00e9sentation de nos services aux pr\u00e9f\u00e9rences d\u2019affichage de votre terminal (langue utilis\u00e9e, r\u00e9solution d\u2019affichage, syst\u00e8me d\u2019exploitation utilis\u00e9e, etc.),<\/li>\n\n\n\n<li>Analyser votre navigation en ligne, am\u00e9liorer notre Site, obtenir des statistiques de fr\u00e9quentations,<\/li>\n\n\n\n<li>M\u00e9moriser des informations relatives \u00e0 un formulaire que vous avez rempli lors de l\u2019utilisation de notre Site,<\/li>\n\n\n\n<li>Collecter des informations relatives \u00e0 votre navigation et pour vous adresser des services personnalis\u00e9s,<\/li>\n\n\n\n<li>Fournir une exp\u00e9rience utilisateur optimale et adapt\u00e9e \u00e0 vos pr\u00e9f\u00e9rences personnelles,<\/li>\n\n\n\n<li>Proposer du contenu cibl\u00e9 et personnalis\u00e9 comme des publicit\u00e9s.<\/li>\n<\/ul>\n\n\n\n<p>Certains cookies s\u2019av\u00e8rent indispensables pour l\u2019utilisation du Site. D\u2019autres, s\u2019ils ne sont pas indispensables, permettent une utilisation optimis\u00e9e du Site, notamment en personnalisant l\u2019affichage des contenus.<\/p>\n\n\n\n<p><strong>Les cookies n\u00e9cessaires au fonctionnement du Site et fonctionnels permettant d\u2019am\u00e9liorer l\u2019ergonomie du site et la personnalisation du contenu :<\/strong><\/p>\n\n\n\n<p>Ces cookies permettent d\u2019assurer la s\u00e9curit\u00e9 et la performance du site. Les cookies n\u00e9cessaires contribuent \u00e0 rendre le Site utilisable en activant des fonctions de base comme la navigation de page, sauvegarder vos choix en mati\u00e8re de cookies et l\u2019acc\u00e8s aux zones s\u00e9curis\u00e9es du Site. Ce dernier ne peut pas fonctionner correctement sans ces cookies. Ils sont strictement n\u00e9cessaires \u00e0 son fonctionnement et ne peuvent pas \u00eatre d\u00e9sactiv\u00e9s au risque de ne plus pouvoir acc\u00e9der au Site ou \u00e0 certains services du Site. Ils permettent \u00e9galement de sauvegarder vos choix en mati\u00e8re de cookies.<\/p>\n\n\n\n<p><strong>Cookies techniques et cookies n\u00e9cessaires au fonctionnement du Site&nbsp;:<\/strong><\/p>\n\n\n\n<figure class=\"wp-block-table\"><table class=\"has-fixed-layout\"><tbody><tr><td><strong>Nom du cookie<\/strong><\/td><td><strong>Fournisseur<\/strong><\/td><td><strong>Dur\u00e9e de vie du cookie<\/strong><\/td><td><strong>Finalit\u00e9s<\/strong><\/td><td><strong>Consentement<\/strong><\/td><\/tr><tr><td>Axeptio_all_vendors<\/td><td>Agilitation<br><a href=\"https:\/\/client.axept.io\/content\/624d5e22e4776e1f019014e2\/contracts\/635fcc3ee67894a8d892f2b1\/0.5.0.pdf\">Lire la politique<\/a><\/td><td>12 mois<\/td><td>Contient la liste de tous les cookies d\u00e9clar\u00e9s dans le widget Axeptio.<\/td><td>Non<\/td><\/tr><tr><td>axeptio_authorized_vendors<\/td><td>Agilation<br><a href=\"https:\/\/client.axept.io\/content\/624d5e22e4776e1f019014e2\/contracts\/635fcc3ee67894a8d892f2b1\/0.5.0.pdf\">Lire la politique<\/a><\/td><td>12 mois<\/td><td>Contient la liste des cookies accept\u00e9s.<\/td><td>Non<\/td><\/tr><tr><td>axeptio_cookies<\/td><td>Agilitation<br><a href=\"https:\/\/client.axept.io\/content\/624d5e22e4776e1f019014e2\/contracts\/635fcc3ee67894a8d892f2b1\/0.5.0.pdf\">Lire la politique<\/a><\/td><td>12 mois<\/td><td>Contient toutes les informations sur votre consentement, comme la date, votre identifiant anonyme unique, et si vous avez d\u00e9j\u00e0 consenti ou non.<\/td><td>Non<\/td><\/tr><\/tbody><\/table><\/figure>\n\n\n\n<p><strong>Les cookies statistiques et de mesure d\u2019audience<\/strong><\/p>\n\n\n\n<p>Ces cookies aident LineUp7, par la collecte et la communication d\u2019informations de mani\u00e8re anonyme, \u00e0 comprendre comment les utilisateurs interagissent avec le Site ou les applications mobiles.<\/p>\n\n\n\n<p>Ils peuvent servir \u00e0 mesurer la fr\u00e9quentation et l\u2019utilisation du Site. Ainsi, ils vont permettre de mener des \u00e9tudes et nous aider \u00e0 am\u00e9liorer l\u2019int\u00e9r\u00eat et l\u2019ergonomie de nos services. Ils ne permettent pas de faire le suivi global de votre navigation sur d\u2019autres sites et ne conduisent pas \u00e0 un recoupement de donn\u00e9es avec d\u2019autres traitements ou avec des tiers.<\/p>\n\n\n\n<p>Des cookies de mesure d\u2019audience sont utilis\u00e9s dans l\u2019int\u00e9r\u00eat l\u00e9gitime, afin d\u2019analyser les pages du site consult\u00e9es et permettent \u00e0 celle-ci d\u2019\u00e9tablir des statistiques anonymes de sa fr\u00e9quentation. Conform\u00e9ment \u00e0 la l\u00e9gislation nationale, l\u2019usage de ces cookies est dispens\u00e9 du recueil de votre consentement conform\u00e9ment aux dispositions de l\u2019article 5 de la d\u00e9lib\u00e9ration CNIL n\u00b02020-091 du 17 Septembre 2020.<br>Toutefois, certains cookies permettent \u00e0 la fois de mesurer l\u2019audience et de suivre la navigation. Dans ce cas, ils sont soumis \u00e0 votre consentement.<\/p>\n\n\n\n<p>Ci-apr\u00e8s la liste des cookies de cette cat\u00e9gorie&nbsp;:<\/p>\n\n\n\n<figure class=\"wp-block-table\"><table class=\"has-fixed-layout\"><tbody><tr><td><strong>Nom du cookie<\/strong><\/td><td><strong>Fournisseur<\/strong><\/td><td><strong>Dur\u00e9e de vie du cookie<\/strong><\/td><td><strong>Finalit\u00e9<\/strong><\/td><td><strong>Consentement<\/strong><\/td><\/tr><tr><td>_pk_ses#<\/td><td>Matomo<br><a href=\"https:\/\/fr.matomo.org\/privacy-policy\/\">Lire la politique<\/a><\/td><td>30 mn<\/td><td>Utilis\u00e9 par Matomo pour suivre les demandes de page du visiteur au cours de la session<\/td><td>Non<\/td><\/tr><tr><td>_pk_id#<\/td><td>Matomo<br><a href=\"https:\/\/fr.matomo.org\/privacy-policy\/\">Lire la politique<\/a><\/td><td>13 mois<\/td><td>Recueille des statistiques sur les visites du site web par l&#8217;utilisateur, telles que le nombre de visites, le temps moyen pass\u00e9 sur le site et quelles pages ont \u00e9t\u00e9 consult\u00e9es.<\/td><td>Non<\/td><\/tr><tr><td>ActId<\/td><td>Actito<br><a href=\"https:\/\/www.actito.com\/fr-BE\/conditions-d-utilisation-et-politique-de-protection-de-la-vie-privee\/\">Lire la politique<\/a><\/td><td>12 mois<\/td><td>Permet de suivre les pages visit\u00e9es par un contact Actito et de mesurer les visites et objectifs li\u00e9s \u00e0 des campagnes email.<\/td><td>Oui<\/td><\/tr><tr><td>ActId<\/td><td>Actito<br><a href=\"https:\/\/www.actito.com\/fr-BE\/conditions-d-utilisation-et-politique-de-protection-de-la-vie-privee\/\">Lire la politique<\/a><\/td><td>1 mois<\/td><td>Permet de relier une action ou une conversion (ex: formulaire soumis, achat) \u00e0 un contact Actito et \u00e0 la campagne marketing correspondante.<\/td><td>Oui<\/td><\/tr><tr><td>ActId<\/td><td>Actito<br><a href=\"https:\/\/www.actito.com\/fr-BE\/conditions-d-utilisation-et-politique-de-protection-de-la-vie-privee\/\">Lire la politique<\/a><\/td><td>12 mois<\/td><td>Utilis\u00e9 pour relier la navigation sur le site \u00e0 un profil Actito existant afin de personnaliser les actions marketing ou campagnes de relance.<\/td><td>Oui<\/td><\/tr><\/tbody><\/table><\/figure>\n\n\n\n<h2 class=\"wp-block-heading\">V.&nbsp; Quelle est la dur\u00e9e de conservation du choix de l\u2019utilisateur ?<\/h2>\n\n\n\n<p>Votre acceptation ou votre refus des cookies est, quel que soit le type de cookies concern\u00e9, conserv\u00e9 pour une dur\u00e9e de six (6) mois.<\/p>\n\n\n\n<p>Votre consentement sera de nouveau sollicit\u00e9 \u00e0 l\u2019issue de ce d\u00e9lai de six (6) mois par l\u2019affichage du bandeau d\u2019information.<\/p>\n\n\n\n<h2 class=\"wp-block-heading\">VI. Comment pouvez-vous limiter le d\u00e9p\u00f4t et la lecture des cookies en param\u00e9trant votre navigateur ?<\/h2>\n\n\n\n<p>Vous pouvez configurer votre navigateur pour que des cookies soient enregistr\u00e9s ou rejet\u00e9s dans votre terminal, de mani\u00e8re syst\u00e9matique, ou suivant leur \u00e9metteur.<\/p>\n\n\n\n<p>Nous attirons votre attention sur le fait que le param\u00e9trage de votre navigateur ne vous dispense pas de faire votre choix quant au d\u00e9p\u00f4t et la lecture des cookies sur le Site.<\/p>\n\n\n\n<p>Le param\u00e9trage de votre navigateur peut \u00e9galement avoir des effets n\u00e9gatifs sur votre navigation. Si vous refusez l\u2019enregistrement de cookies techniques dans votre terminal, ou si vous supprimez ceux qui y sont enregistr\u00e9s, vous ne pourrez plus b\u00e9n\u00e9ficier d\u2019un certain nombre de fonctionnalit\u00e9s qui sont n\u00e9anmoins n\u00e9cessaires pour naviguer dans certains espaces du Site.<\/p>\n\n\n\n<p>Le cas \u00e9ch\u00e9ant, nous d\u00e9clinons toute responsabilit\u00e9 pour les cons\u00e9quences li\u00e9es au fonctionnement d\u00e9grad\u00e9 du Site r\u00e9sultant de l\u2019impossibilit\u00e9 pour nous d\u2019enregistrer ou de consulter les cookies n\u00e9cessaires \u00e0 leur fonctionnement et que vous auriez refus\u00e9s ou supprim\u00e9s.<\/p>\n\n\n\n<p>Il faut noter que la configuration de chaque navigateur est diff\u00e9rente. Vous pouvez acc\u00e9der \u00e0 sa description dans le menu d\u2019aide de votre navigateur, afin de savoir comment modifier vos choix.<\/p>\n\n\n\n<p><strong>Voici les liens vers les menus d\u2019aide de 4 principaux navigateurs et la proc\u00e9dure \u00e0 suivre :<\/strong><\/p>\n\n\n\n<figure class=\"wp-block-table\"><table class=\"has-fixed-layout\"><thead><tr><td><strong>Navigateurs<\/strong><\/td><td><strong>Proc\u00e9dure \u00e0 suivre<\/strong><strong><\/strong><\/td><td><strong>Pour plus d\u2019informations<\/strong><\/td><\/tr><\/thead><tbody><tr><td>Edge<\/td><td>Cliquez sur les trois points \u00ab \u2026 \u00bb dans la partie sup\u00e9rieure droite de la fen\u00eatre du navigateur<br>S\u00e9lectionnez \u00ab param\u00e8tres \u00bb dans le menu d\u00e9roulant<br>Dans la fen\u00eatre des options, cliquez sur l\u2019onglet \u00ab Cookies et autorisations de site \u00bb<br>Pour d\u00e9sactiver les cookies, d\u00e9cochez le bouton \u00ab&nbsp;Autoriser les sites \u00e0 enregistrer et \u00e0 lire les donn\u00e9es des cookies&nbsp;\u00bb<\/td><td><a href=\"edge:\/\/settings\/content\/cookies\">edge:\/\/settings\/content\/cookies<\/a><\/td><\/tr><tr><td>Safari<\/td><td>Allez dans \u00ab R\u00e9glages \u00bb, puis dans \u00ab Safari \u00bb<br>S\u00e9lectionner \u00ab Effacer les cookies et les donn\u00e9es \u00bb.<\/td><td><a href=\"https:\/\/support.apple.com\/fr-fr\/safari\">https:\/\/support.apple.com\/fr-fr\/safari<\/a><\/td><\/tr><tr><td>Google Chrome<\/td><td>Cliquez sur le menu Chrome dans la barre d\u2019outils du navigateur<br>S\u00e9lectionnez l\u2019option \u00ab Param\u00e8tres \u00bb<br>Cliquez sur \u00ab Afficher les param\u00e8tres avanc\u00e9s \u00bb<br>Dans la section \u00ab Confidentialit\u00e9 \u00bb, cliquez sur le bouton \u00ab Param\u00e8tres de contenu, Cookie et donn\u00e9es de site. Vous avez ensuite la possibilit\u00e9 de tous les supprimer ou de les s\u00e9lectionner un par un.<\/td><td><a href=\"http:\/\/support.google.com\/chrome\/bin\/answer.py?hl=fr&amp;hlrm=en&amp;answer=95647\">http:\/\/support.google.com\/chrome\/bin\/answer.py?hl=fr&amp;hlrm=en&amp;answer=95647<\/a><\/td><\/tr><tr><td>Op\u00e9ra<\/td><td>Allez \u00e0 \u00ab Pr\u00e9f\u00e9rences \u00bb<br>S\u00e9lectionnez \u00ab Avanc\u00e9 \u00bb<br>S\u00e9lectionnez \u00ab Cookies \u00bb<\/td><td><a href=\"http:\/\/help.opera.com\/Windows\/10.20\/fr\/cookies.html\">http:\/\/help.opera.com\/Windows\/10.20\/fr\/cookies.html<\/a><\/td><\/tr><\/tbody><\/table><\/figure>\n\n\n\n<h2 class=\"wp-block-heading\"><strong>XI. QUELS SONT VOS DROITS SUR VOS DONN\u00c9ES PERSONNELLES ET COMMENT LES EXERCER ?<\/strong><\/h2>\n\n\n\n<p>Dans le cadre de l&#8217;utilisation des cookies et autres traceurs, LineUp7 est susceptible de traiter des donn\u00e9es \u00e0 caract\u00e8re personnel vous concernant, en tant que responsable du traitement. Les donn\u00e9es collect\u00e9es sont indispensables pour atteindre les objectifs poursuivis par chaque cookie et autre traceur.<\/p>\n\n\n\n<p>Les donn\u00e9es \u00e0 caract\u00e8re personnel recueillies ou trait\u00e9es \u00e0 l&#8217;occasion de votre navigation sur notre site sont destin\u00e9es \u00e0 LineUp7, ses sous-traitants et partenaires, afin d&#8217;am\u00e9liorer les services offerts sur le site, de faciliter votre navigation sur le site, de traiter vos requ\u00eates, le cas \u00e9ch\u00e9ant, et de vous informer des offres et actualit\u00e9s de l&#8217;entreprise sous r\u00e9serve d&#8217;acceptation de votre part.<\/p>\n\n\n\n<p>Les donn\u00e9es \u00e0 caract\u00e8re personnel collect\u00e9es via les cookies et autres traceurs ne sont jamais conserv\u00e9s plus longtemps que n\u00e9cessaire pour atteindre la finalit\u00e9 du cookie ou traceur.<br>Lorsque le traitement de vos Donn\u00e9es est effectu\u00e9 sur le fondement de son consentement, vous pouvez retirer votre consentement \u00e0 tout moment.<\/p>\n\n\n\n<p>Lorsque le traitement est fond\u00e9 sur l&#8217;int\u00e9r\u00eat l\u00e9gitime de&nbsp; ou d&#8217;un tiers, vous pouvez vous opposer au traitement \u00e0 tout moment, pour des raisons tenant \u00e0 votre situation particuli\u00e8re.<br>Vous avez le droit d&#8217;acc\u00e9der aux donn\u00e9es personnelles que nous d\u00e9tenons \u00e0 votre sujet. Cela inclut le droit de nous demander des informations compl\u00e9mentaires sur&nbsp;:<\/p>\n\n\n\n<ul class=\"wp-block-list\">\n<li>Les cat\u00e9gories de donn\u00e9es que nous traitons<\/li>\n\n\n\n<li>Les finalit\u00e9s du traitement des donn\u00e9es<\/li>\n\n\n\n<li>Les destinataires et les cat\u00e9gories de destinataires \u00e0 qui vos donn\u00e9es ont \u00e9t\u00e9 transmises<\/li>\n\n\n\n<li>Lorsque cela est possible, la dur\u00e9e de conservation de vos donn\u00e9es ou lorsque ce n&#8217;est pas possible les crit\u00e8res pour d\u00e9terminer cette dur\u00e9e.<\/li>\n<\/ul>\n\n\n\n<p>Vous avez le droit de nous faire corriger les donn\u00e9es personnelles inexactes ou incompl\u00e8tes vous concernant&nbsp;;<\/p>\n\n\n\n<p>Vous pouvez vous opposer \u00e0 tout moment \u00e0 ce que nous utilisions vos Donn\u00e9es personnelles&nbsp;;<\/p>\n\n\n\n<p>Vous avez le droit d&#8217;\u00eatre \u00ab&nbsp;oubli\u00e9&nbsp;\u00bb par nous en exer\u00e7ant votre droit d&#8217;effacement de vos donn\u00e9es&nbsp;;<\/p>\n\n\n\n<p>Vous avez le droit de demander la suspension du traitement de vos Donn\u00e9es Personnelles&nbsp;;<\/p>\n\n\n\n<p>Vous pouvez demander que vos Donn\u00e9es Personnelles soient r\u00e9cup\u00e9r\u00e9es dans un format structur\u00e9, couramment utilis\u00e9 et lisible afin d&#8217;en disposer et de les transmettre un autre responsable de traitement&nbsp;; Vous avez la facult\u00e9 de fournir des directives relatives au sort de vos Donn\u00e9es personnelles apr\u00e8s votre d\u00e9c\u00e8s Vous pouvez exercer vos droits en justifiant de votre identit\u00e9 et en pr\u00e9cisant vos nom, pr\u00e9nom en vous adressant aux adresses suivantes : <a href=\"mailto:droits@isoskele.fr\">droits@isoskele.fr<\/a> ou \u00e0 l\u2019adresse postale suivante : ISOSKELE \u2013 Service juridique RGPD, 111 Boulevard Brune, 75014 Paris.<\/p>\n\n\n\n<p>Dans le cadre de sa politique de protection des donn\u00e9es personnelles Isoskele a d\u00e9sign\u00e9 un d\u00e9l\u00e9gu\u00e9 \u00e0 la protection de donn\u00e9es : Le D\u00e9l\u00e9gu\u00e9 \u00e0 la Protection des Donn\u00e9es La Poste \/ Isoskele, CP C703,9 rue du Colonel Pierre Avia 75015 PARIS. En cas de difficult\u00e9\u0301 dans la gestion de vos donn\u00e9es personnelles, vous pouvez introduire une r\u00e9clamation aupr\u00e8s de la CNIL.<\/p>\n","protected":false},"excerpt":{"rendered":"<p>Date de publication : 24\/07\/2025 I. QUEL EST LE CHAMP D\u2019APPLICATION ? La pr\u00e9sente politique s\u2019applique aux cookies et autres traceurs d\u00e9pos\u00e9s et\/ou lus lors de la consultation du site www.lineup7.fr (ci-apr\u00e8s d\u00e9nomm\u00e9 le \u00ab Site \u00bb). Ce p\u00e9rim\u00e8tre int\u00e8gre l\u2019ensemble des services rattach\u00e9s au nom de domaine www.lineup7.fr. II. Qu\u2019est-ce qu\u2019un cookie ou un [&hellip;]<\/p>\n","protected":false},"author":1,"featured_media":0,"parent":0,"menu_order":0,"comment_status":"closed","ping_status":"closed","template":"privacy-policy.php","meta":{"footnotes":""},"class_list":["post-594","page","type-page","status-publish","hentry"],"yoast_head":"<!-- This site is optimized with the Yoast SEO plugin v20.8 - https:\/\/yoast.com\/wordpress\/plugins\/seo\/ -->\n<title>Politique cookies - Data Platform by LineUP7<\/title>\n<meta name=\"robots\" content=\"noindex, nofollow\" \/>\n<meta property=\"og:locale\" content=\"en_US\" \/>\n<meta property=\"og:type\" content=\"article\" \/>\n<meta property=\"og:title\" content=\"Politique cookies - Data Platform by LineUP7\" \/>\n<meta property=\"og:description\" content=\"Date de publication : 24\/07\/2025 I. QUEL EST LE CHAMP D\u2019APPLICATION ? La pr\u00e9sente politique s\u2019applique aux cookies et autres traceurs d\u00e9pos\u00e9s et\/ou lus lors de la consultation du site www.lineup7.fr (ci-apr\u00e8s d\u00e9nomm\u00e9 le \u00ab Site \u00bb). Ce p\u00e9rim\u00e8tre int\u00e8gre l\u2019ensemble des services rattach\u00e9s au nom de domaine www.lineup7.fr. II. Qu\u2019est-ce qu\u2019un cookie ou un [&hellip;]\" \/>\n<meta property=\"og:url\" content=\"https:\/\/www.lineup7.fr\/blog-cdp\/politique-cookies\/\" \/>\n<meta property=\"og:site_name\" content=\"Data Platform by LineUP7\" \/>\n<meta property=\"article:modified_time\" content=\"2026-03-18T16:43:52+00:00\" \/>\n<meta name=\"twitter:card\" content=\"summary_large_image\" \/>\n<meta name=\"twitter:label1\" content=\"Est. reading time\" \/>\n\t<meta name=\"twitter:data1\" content=\"8 minutes\" \/>\n<script type=\"application\/ld+json\" class=\"yoast-schema-graph\">{\"@context\":\"https:\/\/schema.org\",\"@graph\":[{\"@type\":\"WebPage\",\"@id\":\"https:\/\/www.lineup7.fr\/blog-cdp\/politique-cookies\/\",\"url\":\"https:\/\/www.lineup7.fr\/blog-cdp\/politique-cookies\/\",\"name\":\"Politique cookies - Data Platform by LineUP7\",\"isPartOf\":{\"@id\":\"https:\/\/www.lineup7.fr\/blog-cdp\/#website\"},\"datePublished\":\"2025-07-24T12:48:45+00:00\",\"dateModified\":\"2026-03-18T16:43:52+00:00\",\"breadcrumb\":{\"@id\":\"https:\/\/www.lineup7.fr\/blog-cdp\/politique-cookies\/#breadcrumb\"},\"inLanguage\":\"en-US\",\"potentialAction\":[{\"@type\":\"ReadAction\",\"target\":[\"https:\/\/www.lineup7.fr\/blog-cdp\/politique-cookies\/\"]}]},{\"@type\":\"BreadcrumbList\",\"@id\":\"https:\/\/www.lineup7.fr\/blog-cdp\/politique-cookies\/#breadcrumb\",\"itemListElement\":[{\"@type\":\"ListItem\",\"position\":1,\"name\":\"Accueil\",\"item\":\"https:\/\/www.lineup7.fr\/blog-cdp\/\"},{\"@type\":\"ListItem\",\"position\":2,\"name\":\"Politique cookies\"}]},{\"@type\":\"WebSite\",\"@id\":\"https:\/\/www.lineup7.fr\/blog-cdp\/#website\",\"url\":\"https:\/\/www.lineup7.fr\/blog-cdp\/\",\"name\":\"Data Platform by LineUP7\",\"description\":\"\",\"publisher\":{\"@id\":\"https:\/\/www.lineup7.fr\/blog-cdp\/#organization\"},\"potentialAction\":[{\"@type\":\"SearchAction\",\"target\":{\"@type\":\"EntryPoint\",\"urlTemplate\":\"https:\/\/www.lineup7.fr\/blog-cdp\/?s={search_term_string}\"},\"query-input\":\"required name=search_term_string\"}],\"inLanguage\":\"en-US\"},{\"@type\":\"Organization\",\"@id\":\"https:\/\/www.lineup7.fr\/blog-cdp\/#organization\",\"name\":\"Data Platform by LineUP7\",\"url\":\"https:\/\/www.lineup7.fr\/blog-cdp\/\",\"logo\":{\"@type\":\"ImageObject\",\"inLanguage\":\"en-US\",\"@id\":\"https:\/\/www.lineup7.fr\/blog-cdp\/#\/schema\/logo\/image\/\",\"url\":\"https:\/\/www.lineup7.fr\/blog-cdp\/wp-content\/uploads\/2023\/05\/cropped-Logo-1.png\",\"contentUrl\":\"https:\/\/www.lineup7.fr\/blog-cdp\/wp-content\/uploads\/2023\/05\/cropped-Logo-1.png\",\"width\":303,\"height\":50,\"caption\":\"Data Platform by LineUP7\"},\"image\":{\"@id\":\"https:\/\/www.lineup7.fr\/blog-cdp\/#\/schema\/logo\/image\/\"}}]}<\/script>\n<!-- \/ Yoast SEO plugin. -->","yoast_head_json":{"title":"Politique cookies - Data Platform by LineUP7","robots":{"index":"noindex","follow":"nofollow"},"og_locale":"en_US","og_type":"article","og_title":"Politique cookies - Data Platform by LineUP7","og_description":"Date de publication : 24\/07\/2025 I. QUEL EST LE CHAMP D\u2019APPLICATION ? La pr\u00e9sente politique s\u2019applique aux cookies et autres traceurs d\u00e9pos\u00e9s et\/ou lus lors de la consultation du site www.lineup7.fr (ci-apr\u00e8s d\u00e9nomm\u00e9 le \u00ab Site \u00bb). Ce p\u00e9rim\u00e8tre int\u00e8gre l\u2019ensemble des services rattach\u00e9s au nom de domaine www.lineup7.fr. II. Qu\u2019est-ce qu\u2019un cookie ou un [&hellip;]","og_url":"https:\/\/www.lineup7.fr\/blog-cdp\/politique-cookies\/","og_site_name":"Data Platform by LineUP7","article_modified_time":"2026-03-18T16:43:52+00:00","twitter_card":"summary_large_image","twitter_misc":{"Est. reading time":"8 minutes"},"schema":{"@context":"https:\/\/schema.org","@graph":[{"@type":"WebPage","@id":"https:\/\/www.lineup7.fr\/blog-cdp\/politique-cookies\/","url":"https:\/\/www.lineup7.fr\/blog-cdp\/politique-cookies\/","name":"Politique cookies - Data Platform by LineUP7","isPartOf":{"@id":"https:\/\/www.lineup7.fr\/blog-cdp\/#website"},"datePublished":"2025-07-24T12:48:45+00:00","dateModified":"2026-03-18T16:43:52+00:00","breadcrumb":{"@id":"https:\/\/www.lineup7.fr\/blog-cdp\/politique-cookies\/#breadcrumb"},"inLanguage":"en-US","potentialAction":[{"@type":"ReadAction","target":["https:\/\/www.lineup7.fr\/blog-cdp\/politique-cookies\/"]}]},{"@type":"BreadcrumbList","@id":"https:\/\/www.lineup7.fr\/blog-cdp\/politique-cookies\/#breadcrumb","itemListElement":[{"@type":"ListItem","position":1,"name":"Accueil","item":"https:\/\/www.lineup7.fr\/blog-cdp\/"},{"@type":"ListItem","position":2,"name":"Politique cookies"}]},{"@type":"WebSite","@id":"https:\/\/www.lineup7.fr\/blog-cdp\/#website","url":"https:\/\/www.lineup7.fr\/blog-cdp\/","name":"Data Platform by LineUP7","description":"","publisher":{"@id":"https:\/\/www.lineup7.fr\/blog-cdp\/#organization"},"potentialAction":[{"@type":"SearchAction","target":{"@type":"EntryPoint","urlTemplate":"https:\/\/www.lineup7.fr\/blog-cdp\/?s={search_term_string}"},"query-input":"required name=search_term_string"}],"inLanguage":"en-US"},{"@type":"Organization","@id":"https:\/\/www.lineup7.fr\/blog-cdp\/#organization","name":"Data Platform by LineUP7","url":"https:\/\/www.lineup7.fr\/blog-cdp\/","logo":{"@type":"ImageObject","inLanguage":"en-US","@id":"https:\/\/www.lineup7.fr\/blog-cdp\/#\/schema\/logo\/image\/","url":"https:\/\/www.lineup7.fr\/blog-cdp\/wp-content\/uploads\/2023\/05\/cropped-Logo-1.png","contentUrl":"https:\/\/www.lineup7.fr\/blog-cdp\/wp-content\/uploads\/2023\/05\/cropped-Logo-1.png","width":303,"height":50,"caption":"Data Platform by LineUP7"},"image":{"@id":"https:\/\/www.lineup7.fr\/blog-cdp\/#\/schema\/logo\/image\/"}}]}},"_links":{"self":[{"href":"https:\/\/www.lineup7.fr\/blog-cdp\/wp-json\/wp\/v2\/pages\/594","targetHints":{"allow":["GET"]}}],"collection":[{"href":"https:\/\/www.lineup7.fr\/blog-cdp\/wp-json\/wp\/v2\/pages"}],"about":[{"href":"https:\/\/www.lineup7.fr\/blog-cdp\/wp-json\/wp\/v2\/types\/page"}],"author":[{"embeddable":true,"href":"https:\/\/www.lineup7.fr\/blog-cdp\/wp-json\/wp\/v2\/users\/1"}],"replies":[{"embeddable":true,"href":"https:\/\/www.lineup7.fr\/blog-cdp\/wp-json\/wp\/v2\/comments?post=594"}],"version-history":[{"count":9,"href":"https:\/\/www.lineup7.fr\/blog-cdp\/wp-json\/wp\/v2\/pages\/594\/revisions"}],"predecessor-version":[{"id":626,"href":"https:\/\/www.lineup7.fr\/blog-cdp\/wp-json\/wp\/v2\/pages\/594\/revisions\/626"}],"wp:attachment":[{"href":"https:\/\/www.lineup7.fr\/blog-cdp\/wp-json\/wp\/v2\/media?parent=594"}],"curies":[{"name":"wp","href":"https:\/\/api.w.org\/{rel}","templated":true}]}}